{"id":303,"date":"2024-06-11T00:16:21","date_gmt":"2024-06-10T22:16:21","guid":{"rendered":"https:\/\/markje.gt\/?page_id=303"},"modified":"2024-06-11T00:16:21","modified_gmt":"2024-06-10T22:16:21","slug":"quienes-somos","status":"publish","type":"page","link":"https:\/\/markje.gt\/?page_id=303","title":{"rendered":"Quienes Somos"},"content":{"rendered":"<p>En Markje, nos apasiona transformar ideas en realidad. Desde nuestra fundaci\u00f3n, nos hemos dedicado a ser mucho m\u00e1s que una empresa de productos promocionales. Nos esforzamos por ser el socio estrat\u00e9gico que ayuda a impulsar el \u00e9xito de cada marca con la que trabajamos.<\/p>\n<p>Nuestra filosof\u00eda se centra en la creaci\u00f3n de experiencias memorables a trav\u00e9s de productos personalizados que cuentan la historia \u00fanica de cada marca. Desde tazas y playeras hasta relojes y llaveros, nuestro amplio cat\u00e1logo ofrece una variedad de opciones para llevar tu marca m\u00e1s all\u00e1.<\/p>\n<p>Lo que nos distingue no es solo la calidad excepcional de nuestros productos, sino tambi\u00e9n nuestro enfoque en la creatividad, la innovaci\u00f3n y el servicio al cliente. Trabajamos estrechamente con cada cliente para entender sus necesidades espec\u00edficas y ofrecer soluciones personalizadas que superen sus expectativas.<\/p>\n<p>En Markje, no solo nos esforzamos por hacer negocios, sino por construir relaciones duraderas y significativas con nuestros clientes. Creemos en la importancia de cada interacci\u00f3n y nos comprometemos a proporcionar una experiencia excepcional en cada paso del camino.<\/p>\n<p>\u00danete a nosotros en nuestro viaje para inspirar conexiones aut\u00e9nticas y dejar una impresi\u00f3n imborrable en el mundo de los productos promocionales.<\/p>\n","protected":false},"excerpt":{"rendered":"<p>En Markje, nos apasiona transformar ideas en realidad. Desde nuestra fundaci\u00f3n, nos hemos dedicado a ser mucho m\u00e1s que una empresa de productos promocionales. Nos esforzamos por ser el socio estrat\u00e9gico que ayuda a impulsar el \u00e9xito de cada marca con la que trabajamos. Nuestra filosof\u00eda se centra en la creaci\u00f3n de experiencias memorables a [&hellip;]<\/p>\n","protected":false},"author":1,"featured_media":0,"parent":0,"menu_order":0,"comment_status":"closed","ping_status":"closed","template":"","meta":{"footnotes":""},"class_list":["post-303","page","type-page","status-publish","hentry"],"_links":{"self":[{"href":"https:\/\/markje.gt\/index.php?rest_route=\/wp\/v2\/pages\/303","targetHints":{"allow":["GET"]}}],"collection":[{"href":"https:\/\/markje.gt\/index.php?rest_route=\/wp\/v2\/pages"}],"about":[{"href":"https:\/\/markje.gt\/index.php?rest_route=\/wp\/v2\/types\/page"}],"author":[{"embeddable":true,"href":"https:\/\/markje.gt\/index.php?rest_route=\/wp\/v2\/users\/1"}],"replies":[{"embeddable":true,"href":"https:\/\/markje.gt\/index.php?rest_route=%2Fwp%2Fv2%2Fcomments&post=303"}],"version-history":[{"count":1,"href":"https:\/\/markje.gt\/index.php?rest_route=\/wp\/v2\/pages\/303\/revisions"}],"predecessor-version":[{"id":304,"href":"https:\/\/markje.gt\/index.php?rest_route=\/wp\/v2\/pages\/303\/revisions\/304"}],"wp:attachment":[{"href":"https:\/\/markje.gt\/index.php?rest_route=%2Fwp%2Fv2%2Fmedia&parent=303"}],"curies":[{"name":"wp","href":"https:\/\/api.w.org\/{rel}","templated":true}]}}